{"id":107,"date":"2024-02-21T06:51:19","date_gmt":"2024-02-21T06:51:19","guid":{"rendered":"https:\/\/championmaritime.com.tr\/?page_id=107"},"modified":"2024-02-21T14:33:03","modified_gmt":"2024-02-21T14:33:03","slug":"tamir-bakim-ve-teknik-servis-hizmetleri","status":"publish","type":"page","link":"https:\/\/championmaritime.com.tr\/tr\/tamir-bakim-ve-teknik-servis-hizmetleri\/","title":{"rendered":"\u2060Tamir Bak\u0131m Ve Teknik Servis Hizmetleri"},"content":{"rendered":"\n\n\n<h1 class=\"wp-block-heading\">Tamir Bak\u0131m ve Teknik Servis Hizmetleri<\/h1>\n\n\n<div class=\"wp-block-image\">\n<figure class=\"alignright size-full\"><img loading=\"lazy\" decoding=\"async\" width=\"600\" height=\"500\" src=\"https:\/\/championmaritime.com.tr\/wp-content\/uploads\/2024\/02\/Tamir-Bakim-ve-Teknik-Servis-Hizmetleri.jpg\" alt=\"\" class=\"wp-image-265\" srcset=\"https:\/\/championmaritime.com.tr\/tr\/wp-content\/uploads\/2024\/02\/Tamir-Bakim-ve-Teknik-Servis-Hizmetleri.jpg 600w, https:\/\/championmaritime.com.tr\/tr\/wp-content\/uploads\/2024\/02\/Tamir-Bakim-ve-Teknik-Servis-Hizmetleri-300x250.jpg 300w\" sizes=\"auto, (max-width: 600px) 100vw, 600px\" \/><\/figure>\n<\/div>\n\n\n<p>Champion Denizcilik olarak, gemi ve armat\u00f6rlerin ihtiya\u00e7lar\u0131na y\u00f6nelik tamir, bak\u0131m ve teknik servis hizmetleri sunuyoruz. Profesyonel ekibimiz ve geni\u015f i\u015f ortaklar\u0131 a\u011f\u0131m\u0131zla, gemilerinizin bak\u0131m\u0131 ve onar\u0131m\u0131 i\u00e7in gerekli olan malzemelerin tedariki ve teknik personelin gemiye g\u00f6nderilmesi gibi hizmetleri eksiksiz ve g\u00fcvenilir bir \u015fekilde sunuyoruz.<\/p>\n\n\n\n<p><strong>Tamir ve Bak\u0131m Malzemesi Tedariki<\/strong><\/p>\n\n\n\n<p>Gemi ve armat\u00f6rlerin ihtiya\u00e7lar\u0131 do\u011frultusunda, gerekli tamir ve bak\u0131m malzemelerinin tedarikini sa\u011fl\u0131yoruz. Y\u00fcksek kaliteli ve uygun fiyatl\u0131 malzemelerle gemilerinizin bak\u0131m\u0131n\u0131 ve onar\u0131m\u0131n\u0131 ger\u00e7ekle\u015ftiriyoruz.<\/p>\n\n\n\n<p><strong>Teknisyen Tedariki<\/strong><\/p>\n\n\n\n<p>\u0130htiyac\u0131n\u0131z olan uzman teknisyenleri gemilerinize g\u00f6ndererek, tamir ve bak\u0131m i\u015flemlerini profesyonel bir \u015fekilde ger\u00e7ekle\u015ftiriyoruz. Deneyimli teknisyenlerimiz, gemilerinizin her t\u00fcrl\u00fc teknik sorununu \u00e7\u00f6zmek i\u00e7in haz\u0131rd\u0131r.<\/p>\n\n\n\n<p><strong>Tamir ve Bak\u0131m Hizmetleri<\/strong><\/p>\n\n\n\n<p>Gemilerinizin talepleri do\u011frultusunda, ilgili tamir ve bak\u0131m i\u015flemlerini ger\u00e7ekle\u015ftiriyoruz. Motor bak\u0131m\u0131, elektrik sistemleri onar\u0131m\u0131, donan\u0131m yenileme gibi bir\u00e7ok alanda profesyonel hizmet sunuyoruz.<\/p>\n\n\n\n<p><strong>Teknik Personelin Gemiye G\u00f6nderilmesi<\/strong><\/p>\n\n\n\n<p>Gemiye ihtiya\u00e7 duyulan teknik personelin g\u00f6nderilmesini sa\u011fl\u0131yoruz. Uzman ekibimiz, gemilerinizdeki teknik sorunlar\u0131 yerinde tespit ederek \u00e7\u00f6z\u00fcm \u00fcretiyor ve operasyonlar\u0131n\u0131z\u0131n aksamadan devam etmesini sa\u011fl\u0131yor.<\/p>\n\n\n\n<p><strong>Neden Biz?<\/strong><\/p>\n\n\n\n<ul class=\"wp-block-list\">\n<li><strong>Deneyimli Ekip<\/strong>: Denizcilik sekt\u00f6r\u00fcndeki uzmanl\u0131\u011f\u0131m\u0131z ve deneyimimizle, gemi tamir ve bak\u0131m hizmetlerinde g\u00fcvenilir bir partneriz.<\/li>\n\n\n\n<li><strong>Kaliteli Malzeme Tedariki<\/strong>: Y\u00fcksek kaliteli ve g\u00fcvenilir malzemelerle gemi tamir ve bak\u0131m\u0131n\u0131 sa\u011fl\u0131yoruz.<\/li>\n\n\n\n<li><strong>Profesyonel Teknik Destek<\/strong>: Uzman teknisyenlerimizle gemilerinizin her t\u00fcrl\u00fc teknik sorununu \u00e7\u00f6z\u00fcyoruz.<\/li>\n\n\n\n<li><strong>H\u0131zl\u0131 ve Etkili \u00c7\u00f6z\u00fcmler<\/strong>: Sorunlar\u0131n\u0131za h\u0131zl\u0131 ve etkili \u00e7\u00f6z\u00fcmler \u00fcreterek operasyonlar\u0131n\u0131z\u0131n aksamadan devam etmesini sa\u011fl\u0131yoruz.<\/li>\n<\/ul>\n\n\n\n<p>Champion Denizcilik olarak, &#8220;Tamir Bak\u0131m ve Teknik Servis Hizmetleri&#8221; ile gemi ve armat\u00f6rlerin ihtiya\u00e7lar\u0131na profesyonel bir \u015fekilde cevap veriyoruz. \u0130htiya\u00e7lar\u0131n\u0131z i\u00e7in bize ula\u015f\u0131n, size en uygun \u00e7\u00f6z\u00fcmleri sunal\u0131m.<\/p>\n","protected":false},"excerpt":{"rendered":"<p>Tamir Bak\u0131m ve Teknik Servis Hizmetleri Champion Denizcilik olarak, gemi ve armat\u00f6rlerin ihtiya\u00e7lar\u0131na y\u00f6nelik tamir, bak\u0131m ve teknik servis hizmetleri sunuyoruz. Profesyonel ekibimiz ve geni\u015f i\u015f ortaklar\u0131 a\u011f\u0131m\u0131zla, gemilerinizin bak\u0131m\u0131 ve onar\u0131m\u0131 i\u00e7in gerekli olan malzemelerin tedariki ve teknik personelin gemiye g\u00f6nderilmesi gibi hizmetleri eksiksiz ve g\u00fcvenilir bir \u015fekilde sunuyoruz. Tamir ve Bak\u0131m Malzemesi Tedariki [&#8230;]\n","protected":false},"author":1,"featured_media":0,"parent":0,"menu_order":0,"comment_status":"closed","ping_status":"closed","template":"","meta":{"footnotes":""},"class_list":["post-107","page","type-page","status-publish","hentry"],"_links":{"self":[{"href":"https:\/\/championmaritime.com.tr\/tr\/wp-json\/wp\/v2\/pages\/107","targetHints":{"allow":["GET"]}}],"collection":[{"href":"https:\/\/championmaritime.com.tr\/tr\/wp-json\/wp\/v2\/pages"}],"about":[{"href":"https:\/\/championmaritime.com.tr\/tr\/wp-json\/wp\/v2\/types\/page"}],"author":[{"embeddable":true,"href":"https:\/\/championmaritime.com.tr\/tr\/wp-json\/wp\/v2\/users\/1"}],"replies":[{"embeddable":true,"href":"https:\/\/championmaritime.com.tr\/tr\/wp-json\/wp\/v2\/comments?post=107"}],"version-history":[{"count":2,"href":"https:\/\/championmaritime.com.tr\/tr\/wp-json\/wp\/v2\/pages\/107\/revisions"}],"predecessor-version":[{"id":267,"href":"https:\/\/championmaritime.com.tr\/tr\/wp-json\/wp\/v2\/pages\/107\/revisions\/267"}],"wp:attachment":[{"href":"https:\/\/championmaritime.com.tr\/tr\/wp-json\/wp\/v2\/media?parent=107"}],"curies":[{"name":"wp","href":"https:\/\/api.w.org\/{rel}","templated":true}]}}