{"id":117,"date":"2024-02-21T06:53:04","date_gmt":"2024-02-21T06:53:04","guid":{"rendered":"https:\/\/championmaritime.com.tr\/?page_id=117"},"modified":"2024-02-22T07:43:51","modified_gmt":"2024-02-22T07:43:51","slug":"saglik-ve-medikal-hizmetler","status":"publish","type":"page","link":"https:\/\/championmaritime.com.tr\/tr\/saglik-ve-medikal-hizmetler\/","title":{"rendered":"Sa\u011fl\u0131k ve Medikal Hizmetler"},"content":{"rendered":"\n\n\n<h1 class=\"wp-block-heading\">Sa\u011fl\u0131k ve Medikal Hizmetler<\/h1>\n\n\n<div class=\"wp-block-image\">\n<figure class=\"alignright size-full\"><img loading=\"lazy\" decoding=\"async\" width=\"600\" height=\"500\" src=\"https:\/\/championmaritime.com.tr\/wp-content\/uploads\/2024\/02\/saglik-ve-medikal-hizmetler.jpg\" alt=\"\" class=\"wp-image-291\" srcset=\"https:\/\/championmaritime.com.tr\/tr\/wp-content\/uploads\/2024\/02\/saglik-ve-medikal-hizmetler.jpg 600w, https:\/\/championmaritime.com.tr\/tr\/wp-content\/uploads\/2024\/02\/saglik-ve-medikal-hizmetler-300x250.jpg 300w\" sizes=\"auto, (max-width: 600px) 100vw, 600px\" \/><\/figure>\n<\/div>\n\n\n<p>Champion Denizcilik olarak, gemi ve m\u00fcrettebat\u0131n sa\u011fl\u0131k ihtiya\u00e7lar\u0131n\u0131 kar\u015f\u0131lamak \u00fczere kapsaml\u0131 sa\u011fl\u0131k ve medikal hizmetleri sunuyoruz. Hasta personelin gemiden al\u0131narak hastanede tedavisinin yap\u0131lmas\u0131, gemiye veya gemiden ayr\u0131l\u0131\u015f\u0131n\u0131n sa\u011flanmas\u0131 ve gemiye her t\u00fcrl\u00fc ila\u00e7 ve medikal malzeme tedarikini i\u00e7eren bu hizmetlerimizle, m\u00fcrettebat\u0131n\u0131z\u0131n sa\u011fl\u0131\u011f\u0131n\u0131 en \u00fcst d\u00fczeyde koruyoruz.<\/p>\n\n\n\n<p><strong>Acil Sa\u011fl\u0131k Hizmetleri<\/strong><\/p>\n\n\n\n<p>Acil durumlarda, gemiye gereken t\u0131bbi m\u00fcdahaleyi sa\u011flamak \u00fczere deneyimli sa\u011fl\u0131k personelimizle h\u0131zl\u0131 bir \u015fekilde m\u00fcdahale ediyoruz. Acil durumlar i\u00e7in donan\u0131ml\u0131 ekiplerimizle gemilere en k\u0131sa s\u00fcrede ula\u015f\u0131yor ve gerekli t\u0131bbi yard\u0131m\u0131 sa\u011fl\u0131yoruz.<\/p>\n\n\n\n<p><strong>Hastane Nakliyesi ve Tedavi<\/strong><\/p>\n\n\n\n<p>Hasta personelin gemiden al\u0131narak hastaneye nakliyesini sa\u011fl\u0131yor ve gerekli t\u0131bbi tedavinin yap\u0131lmas\u0131n\u0131 organize ediyoruz. Tedavi s\u00fcrecinin tamamlanmas\u0131n\u0131n ard\u0131ndan, hastan\u0131n gemiye veya evine g\u00fcvenli bir \u015fekilde d\u00f6n\u00fc\u015f\u00fcn\u00fc sa\u011fl\u0131yoruz.<\/p>\n\n\n\n<p><strong>Medikal Malzeme Tedariki<\/strong><\/p>\n\n\n\n<p>Gemi ve armat\u00f6r\u00fcn talepleri do\u011frultusunda, her t\u00fcrl\u00fc ila\u00e7 ve medikal malzemenin gemiye tedarikini sa\u011fl\u0131yoruz. \u0130htiya\u00e7 duyulan ila\u00e7lar, t\u0131bbi ekipmanlar ve di\u011fer medikal malzemeleri en uygun fiyatlarla temin ederek, gemilerin sa\u011fl\u0131k ihtiya\u00e7lar\u0131n\u0131 kar\u015f\u0131l\u0131yoruz.<\/p>\n\n\n\n<p><strong>Sa\u011fl\u0131k Raporlama ve Dan\u0131\u015fmanl\u0131k<\/strong><\/p>\n\n\n\n<p>M\u00fcrettebat\u0131n sa\u011fl\u0131k durumunu d\u00fczenli olarak takip ediyor ve gerekli raporlamalar\u0131 yap\u0131yoruz. Ayr\u0131ca, sa\u011fl\u0131kla ilgili her t\u00fcrl\u00fc sorunuzda size dan\u0131\u015fmanl\u0131k hizmeti sunarak, sa\u011fl\u0131kla ilgili konularda profesyonel destek sa\u011fl\u0131yoruz.<\/p>\n\n\n\n<p><strong>Neden Biz?<\/strong><\/p>\n\n\n\n<ul class=\"wp-block-list\">\n<li><strong>Deneyimli Sa\u011fl\u0131k Personeli<\/strong>: Deneyimli ve uzman sa\u011fl\u0131k personelimizle, en iyi sa\u011fl\u0131k hizmetini sunuyoruz.<\/li>\n\n\n\n<li><strong>H\u0131zl\u0131 ve G\u00fcvenilir Hizmet<\/strong>: Acil durumlarda h\u0131zl\u0131 bir \u015fekilde m\u00fcdahale ediyor ve g\u00fcvenilir sa\u011fl\u0131k hizmeti sunuyoruz.<\/li>\n\n\n\n<li><strong>Geni\u015f Tedarik A\u011f\u0131<\/strong>: Geni\u015f tedarik a\u011f\u0131m\u0131z sayesinde, gemilere her t\u00fcrl\u00fc ila\u00e7 ve medikal malzeme tedarikini sa\u011fl\u0131yoruz.<\/li>\n\n\n\n<li><strong>M\u00fc\u015fteri Memnuniyeti<\/strong>: M\u00fc\u015fteri memnuniyetini \u00f6n planda tutarak, ihtiya\u00e7lar\u0131n\u0131za en uygun \u00e7\u00f6z\u00fcmleri sunuyoruz.<\/li>\n<\/ul>\n\n\n\n<p>Champion Denizcilik olarak, &#8220;Sa\u011fl\u0131k ve Medikal Hizmetler&#8221; ile gemi ve m\u00fcrettebat\u0131n sa\u011fl\u0131k ihtiya\u00e7lar\u0131n\u0131 en iyi \u015fekilde kar\u015f\u0131l\u0131yoruz. Profesyonel hizmetimiz ve deneyimli ekibimizle, gemilerinizin operasyonlar\u0131n\u0131 sorunsuz bir \u015fekilde s\u00fcrd\u00fcrmenizi sa\u011fl\u0131yoruz. \u0130htiya\u00e7lar\u0131n\u0131z i\u00e7in bize ula\u015f\u0131n, size en uygun \u00e7\u00f6z\u00fcmleri sunal\u0131m.<\/p>\n","protected":false},"excerpt":{"rendered":"<p>Sa\u011fl\u0131k ve Medikal Hizmetler Champion Denizcilik olarak, gemi ve m\u00fcrettebat\u0131n sa\u011fl\u0131k ihtiya\u00e7lar\u0131n\u0131 kar\u015f\u0131lamak \u00fczere kapsaml\u0131 sa\u011fl\u0131k ve medikal hizmetleri sunuyoruz. Hasta personelin gemiden al\u0131narak hastanede tedavisinin yap\u0131lmas\u0131, gemiye veya gemiden ayr\u0131l\u0131\u015f\u0131n\u0131n sa\u011flanmas\u0131 ve gemiye her t\u00fcrl\u00fc ila\u00e7 ve medikal malzeme tedarikini i\u00e7eren bu hizmetlerimizle, m\u00fcrettebat\u0131n\u0131z\u0131n sa\u011fl\u0131\u011f\u0131n\u0131 en \u00fcst d\u00fczeyde koruyoruz. Acil Sa\u011fl\u0131k Hizmetleri Acil durumlarda, [&#8230;]\n","protected":false},"author":1,"featured_media":0,"parent":0,"menu_order":0,"comment_status":"closed","ping_status":"closed","template":"","meta":{"footnotes":""},"class_list":["post-117","page","type-page","status-publish","hentry"],"_links":{"self":[{"href":"https:\/\/championmaritime.com.tr\/tr\/wp-json\/wp\/v2\/pages\/117","targetHints":{"allow":["GET"]}}],"collection":[{"href":"https:\/\/championmaritime.com.tr\/tr\/wp-json\/wp\/v2\/pages"}],"about":[{"href":"https:\/\/championmaritime.com.tr\/tr\/wp-json\/wp\/v2\/types\/page"}],"author":[{"embeddable":true,"href":"https:\/\/championmaritime.com.tr\/tr\/wp-json\/wp\/v2\/users\/1"}],"replies":[{"embeddable":true,"href":"https:\/\/championmaritime.com.tr\/tr\/wp-json\/wp\/v2\/comments?post=117"}],"version-history":[{"count":2,"href":"https:\/\/championmaritime.com.tr\/tr\/wp-json\/wp\/v2\/pages\/117\/revisions"}],"predecessor-version":[{"id":292,"href":"https:\/\/championmaritime.com.tr\/tr\/wp-json\/wp\/v2\/pages\/117\/revisions\/292"}],"wp:attachment":[{"href":"https:\/\/championmaritime.com.tr\/tr\/wp-json\/wp\/v2\/media?parent=117"}],"curies":[{"name":"wp","href":"https:\/\/api.w.org\/{rel}","templated":true}]}}