{"id":32,"date":"2024-02-20T13:21:44","date_gmt":"2024-02-20T13:21:44","guid":{"rendered":"https:\/\/championmaritime.com.tr\/?page_id=32"},"modified":"2024-03-01T13:19:13","modified_gmt":"2024-03-01T13:19:13","slug":"hakkinda","status":"publish","type":"page","link":"https:\/\/championmaritime.com.tr\/tr\/hakkinda\/","title":{"rendered":"Hakk\u0131nda"},"content":{"rendered":"\n<div class=\"row align-center\"  id=\"row-986323091\">\n\n\n\t<div id=\"col-955485329\" class=\"col small-12 large-12\"  >\n\t\t\t\t<div class=\"col-inner\"  >\n\t\t\t\n\t\t\t\n\n\n  <div class=\"banner has-hover rounded\" id=\"banner-383920943\">\n          <div class=\"banner-inner fill\">\n        <div class=\"banner-bg fill\" >\n            <div class=\"bg fill bg-fill \"><\/div>\n                                    \n                    <\/div>\n\t\t\n        <div class=\"banner-layers container\">\n            <div class=\"fill banner-link\"><\/div>            \n\n   <div id=\"text-box-270128497\" class=\"text-box banner-layer hide-for-small x50 md-x75 lg-x75 y50 md-y50 lg-y50 res-text\">\n                                <div class=\"text-box-content text dark text-shadow-1\">\n              \n\t<div class=\"is-border\"\n\t\tstyle=\"border-color:rgb(251, 160, 31);border-width:0px 0px 5px 0px;\">\n\t<\/div>\n              <div class=\"text-inner text-left\">\n                  \n\n<h3 class=\"uppercase\"><span style=\"font-size: 115%;\"><strong>Hakk\u0131nda<\/strong><\/span><\/h3>\n<p class=\"lead\">Denizcilik konusunda sizlere kaliteli hizmet verme misyonuyla hareket eden tecr\u00fcbeli bir kadroya sahibiz.<\/p>\n\n              <\/div>\n           <\/div>\n                            \n<style>\n#text-box-270128497 .text-inner {\n  padding: 0px 0px 5px 0px;\n}\n#text-box-270128497 {\n  width: 90%;\n}\n#text-box-270128497 .text-box-content {\n  font-size: 100%;\n}\n@media (min-width:550px) {\n  #text-box-270128497 {\n    width: 44%;\n  }\n}\n<\/style>\n    <\/div>\n \n   <div id=\"text-box-1283364820\" class=\"text-box banner-layer show-for-small x50 md-x75 lg-x75 y50 md-y50 lg-y50 res-text\">\n                                <div class=\"text-box-content text dark text-shadow-1\">\n              \n\t<div class=\"is-border\"\n\t\tstyle=\"border-color:rgb(251, 160, 31);border-width:0px 0px 5px 0px;\">\n\t<\/div>\n              <div class=\"text-inner text-left\">\n                  \n\n\t<div id=\"text-368551614\" class=\"text\">\n\t\t\n\n<h4 class=\"uppercase\"><span style=\"font-size: 100%;\"><strong>Hakk\u0131nda<\/strong><\/span><\/h4>\n<p class=\"lead\">Denizcilik konusunda sizlere kaliteli hizmet verme misyonuyla hareket eden tecr\u00fcbeli bir kadroya sahibiz.<\/p>\n\t\t\n<style>\n#text-368551614 {\n  font-size: 0.75rem;\n  line-height: 1.05;\n}\n<\/style>\n\t<\/div>\n\t\n\n              <\/div>\n           <\/div>\n                            \n<style>\n#text-box-1283364820 .text-inner {\n  padding: 0px 0px 5px 0px;\n}\n#text-box-1283364820 {\n  width: 90%;\n}\n#text-box-1283364820 .text-box-content {\n  font-size: 100%;\n}\n@media (min-width:550px) {\n  #text-box-1283364820 {\n    width: 44%;\n  }\n}\n<\/style>\n    <\/div>\n \n\n        <\/div>\n      <\/div>\n\n              <div class=\"height-fix is-invisible\"><img loading=\"lazy\" decoding=\"async\" width=\"1200\" height=\"400\" src=\"https:\/\/championmaritime.com.tr\/tr\/wp-content\/uploads\/2024\/02\/hakkinda-champion-maritime-1.jpg\" class=\"attachment-original size-original\" alt=\"\" srcset=\"https:\/\/championmaritime.com.tr\/tr\/wp-content\/uploads\/2024\/02\/hakkinda-champion-maritime-1.jpg 1200w, https:\/\/championmaritime.com.tr\/tr\/wp-content\/uploads\/2024\/02\/hakkinda-champion-maritime-1-300x100.jpg 300w, https:\/\/championmaritime.com.tr\/tr\/wp-content\/uploads\/2024\/02\/hakkinda-champion-maritime-1-1024x341.jpg 1024w, https:\/\/championmaritime.com.tr\/tr\/wp-content\/uploads\/2024\/02\/hakkinda-champion-maritime-1-768x256.jpg 768w\" sizes=\"auto, (max-width: 1200px) 100vw, 1200px\" \/><\/div>\n            \n<style>\n#banner-383920943 .bg.bg-loaded {\n  background-image: url(https:\/\/championmaritime.com.tr\/tr\/wp-content\/uploads\/2024\/02\/hakkinda-champion-maritime-1.jpg);\n}\n<\/style>\n  <\/div>\n\n\n\n\t\t<\/div>\n\t\t\t\t\t<\/div>\n\n\t\n\n\t<div id=\"col-661203430\" class=\"col medium-6 small-12 large-6\"  >\n\t\t\t\t<div class=\"col-inner\"  >\n\t\t\t\n\t\t\t\n\n<p>10 y\u0131ldan fazla denizcilik sekt\u00f6r\u00fcnde bulunmaktay\u0131z ve her konuda tecr\u00fcbeye sahip olan ekibimizle birlikte her g\u00fcn geli\u015fen ve de\u011fi\u015fen denizcilik sekt\u00f6r\u00fcn\u00fcn \u00f6nc\u00fc teknolojileriyle m\u00fc\u015fterilerimize en h\u0131zl\u0131, etkili \u00e7\u00f6z\u00fcmler ve sorunlar\u0131n\u0131 \u00e7\u00f6zmek i\u00e7in 7\/24 haz\u0131r bir \u015fekilde \u00e7al\u0131\u015fmaktay\u0131z.<\/p>\n<p>CHAMPION MARITIME SERVICES Genel Merkez Ofisi, Denizcilik Sekt\u00f6r\u00fcnde 10 y\u0131l\u0131 a\u015fk\u0131n tecr\u00fcbe ve beceriye sahip Sercan VURGUN ve Berkun YEGIT taraf\u0131ndan \u0130stanbul, T\u00dcRK\u0130YE&#8217;de kurulmu\u015ftur.<\/p>\n\n\n\t\t<\/div>\n\t\t\t\t\n<style>\n#col-661203430 > .col-inner {\n  padding: 30px 0px 30px 0px;\n}\n<\/style>\n\t<\/div>\n\n\t\n\n<\/div>\n<div class=\"row align-center\"  id=\"row-1763002157\">\n\n\n\t<div id=\"col-1154938048\" class=\"col medium-4 small-12 large-4\"  >\n\t\t\t\t<div class=\"col-inner\"  >\n\t\t\t\n\t\t\t\n\n    <div class=\"box has-hover has-hover box-text-bottom\" >\n\n                  <div class=\"box-image \" style=\"width:45%;\">\n           <div class=\"box-image-inner image-cover\" style=\"border-radius:100%;padding-top:100%;\">\n              <img loading=\"lazy\" decoding=\"async\" width=\"500\" height=\"600\" src=\"https:\/\/championmaritime.com.tr\/tr\/wp-content\/uploads\/2016\/08\/dummy-prod-1.jpg\" class=\"attachment- size-\" alt=\"\" srcset=\"https:\/\/championmaritime.com.tr\/tr\/wp-content\/uploads\/2016\/08\/dummy-prod-1.jpg 500w, https:\/\/championmaritime.com.tr\/tr\/wp-content\/uploads\/2016\/08\/dummy-prod-1-250x300.jpg 250w\" sizes=\"auto, (max-width: 500px) 100vw, 500px\" \/>                         <\/div>\n          <\/div>\n         \n          <div class=\"box-text text-center\" >\n                <div class=\"box-text-inner\">\n                  <h4 class=\"uppercase\">\n                    <span class=\"person-name\">Sercan VURGUN<\/span><br\/>\n                    <span class=\"person-title is-small thin-font op-7\">\n                      Kurucu Ortak                    <\/span>\n                  <\/h4>\n\t\t\t\t\t\n\n\n                <\/div>\n          <\/div>\n    <\/div>\n\n\t\n    \n\n\t\t<\/div>\n\t\t\t\t\t<\/div>\n\n\t\n\n\t<div id=\"col-1959762291\" class=\"col medium-4 small-12 large-4\"  >\n\t\t\t\t<div class=\"col-inner\"  >\n\t\t\t\n\t\t\t\n\n    <div class=\"box has-hover has-hover box-text-bottom\" >\n\n                  <div class=\"box-image \" style=\"width:45%;\">\n           <div class=\"box-image-inner image-cover\" style=\"border-radius:100%;padding-top:100%;\">\n              <img loading=\"lazy\" decoding=\"async\" width=\"500\" height=\"600\" src=\"https:\/\/championmaritime.com.tr\/tr\/wp-content\/uploads\/2016\/08\/dummy-prod-1.jpg\" class=\"attachment- size-\" alt=\"\" srcset=\"https:\/\/championmaritime.com.tr\/tr\/wp-content\/uploads\/2016\/08\/dummy-prod-1.jpg 500w, https:\/\/championmaritime.com.tr\/tr\/wp-content\/uploads\/2016\/08\/dummy-prod-1-250x300.jpg 250w\" sizes=\"auto, (max-width: 500px) 100vw, 500px\" \/>                         <\/div>\n          <\/div>\n         \n          <div class=\"box-text text-center\" >\n                <div class=\"box-text-inner\">\n                  <h4 class=\"uppercase\">\n                    <span class=\"person-name\">Berkun YEGIT<\/span><br\/>\n                    <span class=\"person-title is-small thin-font op-7\">\n                      Kurucu Ortak                    <\/span>\n                  <\/h4>\n\t\t\t\t\t\n\n\n                <\/div>\n          <\/div>\n    <\/div>\n\n\t\n    \n\n\t\t<\/div>\n\t\t\t\t\t<\/div>\n\n\t\n\n<\/div>\n\n","protected":false},"excerpt":{"rendered":"","protected":false},"author":1,"featured_media":0,"parent":0,"menu_order":0,"comment_status":"closed","ping_status":"closed","template":"","meta":{"footnotes":""},"class_list":["post-32","page","type-page","status-publish","hentry"],"_links":{"self":[{"href":"https:\/\/championmaritime.com.tr\/tr\/wp-json\/wp\/v2\/pages\/32","targetHints":{"allow":["GET"]}}],"collection":[{"href":"https:\/\/championmaritime.com.tr\/tr\/wp-json\/wp\/v2\/pages"}],"about":[{"href":"https:\/\/championmaritime.com.tr\/tr\/wp-json\/wp\/v2\/types\/page"}],"author":[{"embeddable":true,"href":"https:\/\/championmaritime.com.tr\/tr\/wp-json\/wp\/v2\/users\/1"}],"replies":[{"embeddable":true,"href":"https:\/\/championmaritime.com.tr\/tr\/wp-json\/wp\/v2\/comments?post=32"}],"version-history":[{"count":33,"href":"https:\/\/championmaritime.com.tr\/tr\/wp-json\/wp\/v2\/pages\/32\/revisions"}],"predecessor-version":[{"id":392,"href":"https:\/\/championmaritime.com.tr\/tr\/wp-json\/wp\/v2\/pages\/32\/revisions\/392"}],"wp:attachment":[{"href":"https:\/\/championmaritime.com.tr\/tr\/wp-json\/wp\/v2\/media?parent=32"}],"curies":[{"name":"wp","href":"https:\/\/api.w.org\/{rel}","templated":true}]}}