{"id":34,"date":"2024-02-20T13:22:16","date_gmt":"2024-02-20T13:22:16","guid":{"rendered":"https:\/\/championmaritime.com.tr\/?page_id=34"},"modified":"2024-02-23T08:36:09","modified_gmt":"2024-02-23T08:36:09","slug":"iletisim","status":"publish","type":"page","link":"https:\/\/championmaritime.com.tr\/tr\/iletisim\/","title":{"rendered":"\u0130leti\u015fim"},"content":{"rendered":"\n<div class=\"row align-center\"  id=\"row-1795842941\">\n\n\n\t<div id=\"col-1188562504\" class=\"col small-12 large-12\"  >\n\t\t\t\t<div class=\"col-inner\"  >\n\t\t\t\n\t\t\t\n\n\n  <div class=\"banner has-hover rounded\" id=\"banner-330345739\">\n          <div class=\"banner-inner fill\">\n        <div class=\"banner-bg fill\" >\n            <div class=\"bg fill bg-fill \"><\/div>\n                        <div class=\"overlay\"><\/div>            \n                    <\/div>\n\t\t\n        <div class=\"banner-layers container\">\n            <div class=\"fill banner-link\"><\/div>            \n\n   <div id=\"text-box-904157980\" class=\"text-box banner-layer hide-for-small x50 md-x50 lg-x50 y90 md-y90 lg-y90 res-text\">\n                                <div class=\"text-box-content text dark text-shadow-1\">\n              \n\t<div class=\"is-border\"\n\t\tstyle=\"border-color:rgb(251, 160, 31);border-width:0px 0px 5px 0px;\">\n\t<\/div>\n              <div class=\"text-inner text-center\">\n                  \n\n\t<div id=\"text-3414821556\" class=\"text\">\n\t\t\n\n<h3 class=\"uppercase\"><span style=\"font-size: 115%;\"><strong>\u0130leti\u015fim<\/strong><\/span><\/h3>\n<p class=\"lead\">Bizimle ileti\u015fime ge\u00e7erek denizcilik hizmetlerimizden yararlanabilirsiniz.<\/p>\n<p><span style=\"font-size: 120%;\"><strong>Profesyonel Kadromuzla Kaliteli Hizmet<\/strong><\/span><\/p>\n\t\t\n<style>\n#text-3414821556 {\n  text-align: left;\n}\n<\/style>\n\t<\/div>\n\t\n\n              <\/div>\n           <\/div>\n                            \n<style>\n#text-box-904157980 .text-inner {\n  padding: 0px 0px 10px 0px;\n}\n#text-box-904157980 {\n  width: 40%;\n}\n#text-box-904157980 .text-box-content {\n  font-size: 100%;\n}\n<\/style>\n    <\/div>\n \n   <div id=\"text-box-941322304\" class=\"text-box banner-layer show-for-small x50 md-x50 lg-x50 y50 md-y90 lg-y90 res-text\">\n                                <div class=\"text-box-content text dark text-shadow-1\">\n              \n\t<div class=\"is-border\"\n\t\tstyle=\"border-color:rgb(251, 160, 31);border-width:0px 0px 5px 0px;\">\n\t<\/div>\n              <div class=\"text-inner text-center\">\n                  \n\n\t<div id=\"text-2647335859\" class=\"text\">\n\t\t\n\n<h4 class=\"uppercase\"><span style=\"font-size: 100%;\"><strong>\u0130leti\u015fim<\/strong><\/span><\/h4>\n<p class=\"lead\">Bizimle ileti\u015fime ge\u00e7ebilirsiniz.<\/p>\n<p><span style=\"font-size: 120%;\"><strong>Profesyonel Kadromuzla Kaliteli Hizmet<\/strong><\/span><\/p>\n\t\t\n<style>\n#text-2647335859 {\n  font-size: 0.75rem;\n  line-height: 1.1;\n  text-align: left;\n}\n<\/style>\n\t<\/div>\n\t\n\n              <\/div>\n           <\/div>\n                            \n<style>\n#text-box-941322304 .text-inner {\n  padding: 0px 0px 10px 0px;\n}\n#text-box-941322304 {\n  width: 90%;\n}\n#text-box-941322304 .text-box-content {\n  font-size: 100%;\n}\n@media (min-width:550px) {\n  #text-box-941322304 {\n    width: 40%;\n  }\n}\n<\/style>\n    <\/div>\n \n\n        <\/div>\n      <\/div>\n\n              <div class=\"height-fix is-invisible\"><img loading=\"lazy\" decoding=\"async\" width=\"1200\" height=\"400\" src=\"https:\/\/championmaritime.com.tr\/tr\/wp-content\/uploads\/2024\/02\/iletisim-champion-maritime.jpg\" class=\"attachment-original size-original\" alt=\"\" srcset=\"https:\/\/championmaritime.com.tr\/tr\/wp-content\/uploads\/2024\/02\/iletisim-champion-maritime.jpg 1200w, https:\/\/championmaritime.com.tr\/tr\/wp-content\/uploads\/2024\/02\/iletisim-champion-maritime-300x100.jpg 300w, https:\/\/championmaritime.com.tr\/tr\/wp-content\/uploads\/2024\/02\/iletisim-champion-maritime-1024x341.jpg 1024w, https:\/\/championmaritime.com.tr\/tr\/wp-content\/uploads\/2024\/02\/iletisim-champion-maritime-768x256.jpg 768w\" sizes=\"auto, (max-width: 1200px) 100vw, 1200px\" \/><\/div>\n            \n<style>\n#banner-330345739 .bg.bg-loaded {\n  background-image: url(https:\/\/championmaritime.com.tr\/tr\/wp-content\/uploads\/2024\/02\/iletisim-champion-maritime.jpg);\n}\n#banner-330345739 .overlay {\n  background-color: rgba(0, 152, 255, 0.355);\n}\n<\/style>\n  <\/div>\n\n\n\n\t\t<\/div>\n\t\t\t\t\t<\/div>\n\n\t\n\n\t<div id=\"col-201760654\" class=\"col medium-4 small-12 large-4\"  >\n\t\t\t\t<div class=\"col-inner\"  >\n\t\t\t\n\t\t\t\n\n<p>Dahili: +90 212 741 11 22<\/p>\n<p>Mobil-1: +90 532 285 84 98<\/p>\n<p>Mobil-2: +90 537 987 60 43<\/p>\n<p>E-mail-1: champion@championmaritime.com.tr<\/p>\n<p>E-mail-2: agency@championmaritime.com.tr<\/p>\n<p>Adres: Bah\u00e7elievler Mah. Sarma\u015f\u0131k 2 Sk. \u00d6zyurt Sitesi No: 2 \u0130\u00e7 Kap\u0131 No: 4 Bah\u00e7elievler\/\u0130stanbul<\/p>\n\n\n\t\t<\/div>\n\t\t\t\t\t<\/div>\n\n\t\n\n\t<div id=\"col-2097147068\" class=\"col medium-8 small-12 large-8\"  >\n\t\t\t\t<div class=\"col-inner\"  >\n\t\t\t\n\t\t\t\n\n\t<div id=\"text-3285978578\" class=\"text rounded\">\n\t\t\n\n<p><iframe src=\"https:\/\/www.google.com\/maps\/embed?pb=!1m18!1m12!1m3!1d3010.9425535027176!2d28.871664890289214!3d41.004630545790185!2m3!1f0!2f0!3f0!3m2!1i1024!2i768!4f13.1!3m3!1m2!1s0x14cabb389fdcc2ab%3A0x2ca9be639d813a1f!2zQmFow6dlbGlldmxlciBNZXJrZXosIFNhcm1hxZ_EsWsgMiBTaywgMzQxODAgQmFow6dlbGlldmxlci_EsHN0YW5idWw!5e0!3m2!1str!2str!4v1708516188621!5m2!1str!2str\" width=\"100%\" height=\"400\" style=\"border:0;\" allowfullscreen=\"\" loading=\"lazy\" referrerpolicy=\"no-referrer-when-downgrade\"><\/iframe><\/p>\n\t\t\t<\/div>\n\t\n\n\t\t<\/div>\n\t\t\t\t\t<\/div>\n\n\t\n\n<\/div>\n\n","protected":false},"excerpt":{"rendered":"","protected":false},"author":1,"featured_media":0,"parent":0,"menu_order":0,"comment_status":"closed","ping_status":"closed","template":"","meta":{"footnotes":""},"class_list":["post-34","page","type-page","status-publish","hentry"],"_links":{"self":[{"href":"https:\/\/championmaritime.com.tr\/tr\/wp-json\/wp\/v2\/pages\/34","targetHints":{"allow":["GET"]}}],"collection":[{"href":"https:\/\/championmaritime.com.tr\/tr\/wp-json\/wp\/v2\/pages"}],"about":[{"href":"https:\/\/championmaritime.com.tr\/tr\/wp-json\/wp\/v2\/types\/page"}],"author":[{"embeddable":true,"href":"https:\/\/championmaritime.com.tr\/tr\/wp-json\/wp\/v2\/users\/1"}],"replies":[{"embeddable":true,"href":"https:\/\/championmaritime.com.tr\/tr\/wp-json\/wp\/v2\/comments?post=34"}],"version-history":[{"count":26,"href":"https:\/\/championmaritime.com.tr\/tr\/wp-json\/wp\/v2\/pages\/34\/revisions"}],"predecessor-version":[{"id":372,"href":"https:\/\/championmaritime.com.tr\/tr\/wp-json\/wp\/v2\/pages\/34\/revisions\/372"}],"wp:attachment":[{"href":"https:\/\/championmaritime.com.tr\/tr\/wp-json\/wp\/v2\/media?parent=34"}],"curies":[{"name":"wp","href":"https:\/\/api.w.org\/{rel}","templated":true}]}}