{"id":89,"date":"2024-02-21T06:10:00","date_gmt":"2024-02-21T06:10:00","guid":{"rendered":"https:\/\/championmaritime.com.tr\/?page_id=89"},"modified":"2024-02-21T13:11:29","modified_gmt":"2024-02-21T13:11:29","slug":"istanbul-ve-canakkale-bogaz-acenteligi","status":"publish","type":"page","link":"https:\/\/championmaritime.com.tr\/tr\/istanbul-ve-canakkale-bogaz-acenteligi\/","title":{"rendered":"\u0130stanbul ve \u00c7anakkale Bo\u011faz Acenteli\u011fi"},"content":{"rendered":"\n\n\n<h1 class=\"wp-block-heading\">\u0130stanbul ve \u00c7anakkale Bo\u011faz Acenteli\u011fi<\/h1>\n\n\n<div class=\"wp-block-image\">\n<figure class=\"alignright size-full\"><img loading=\"lazy\" decoding=\"async\" width=\"600\" height=\"500\" src=\"https:\/\/championmaritime.com.tr\/wp-content\/uploads\/2024\/02\/istanbul-ve-canakkale-bogaz-acenteligi-1.jpg\" alt=\"\" class=\"wp-image-234\" srcset=\"https:\/\/championmaritime.com.tr\/tr\/wp-content\/uploads\/2024\/02\/istanbul-ve-canakkale-bogaz-acenteligi-1.jpg 600w, https:\/\/championmaritime.com.tr\/tr\/wp-content\/uploads\/2024\/02\/istanbul-ve-canakkale-bogaz-acenteligi-1-300x250.jpg 300w\" sizes=\"auto, (max-width: 600px) 100vw, 600px\" \/><\/figure>\n<\/div>\n\n\n<p>Champion Denizcilik olarak, denizcilik sekt\u00f6r\u00fcndeki 10 y\u0131l\u0131 a\u015fk\u0131n deneyimimizle \u0130stanbul ve \u00c7anakkale Bo\u011fazlar\u0131&#8217;ndaki gemi ge\u00e7i\u015flerinizi sorunsuz bir \u015fekilde y\u00f6netiyoruz. Sundu\u011fumuz Bo\u011faz Acenteli\u011fi hizmetleriyle, armat\u00f6rlerin ve kirac\u0131lar\u0131n ihtiya\u00e7lar\u0131n\u0131 en etkili \u015fekilde kar\u015f\u0131l\u0131yor, zaman ve para kay\u0131plar\u0131n\u0131 minimuma indiriyoruz.<\/p>\n\n\n\n<p><strong>Bo\u011faz Ge\u00e7i\u015f \u0130zinleri ve Bildirimleri<\/strong><\/p>\n\n\n\n<p>Gemi ge\u00e7i\u015flerinizin sorunsuz olmas\u0131 i\u00e7in sekt\u00f6r (VTS) bo\u011faz ge\u00e7i\u015f izinlerini, SP1 ve di\u011fer ilgili bilgileri otoritelere 24 saat \u00f6ncesinden bildirerek izinleri al\u0131yoruz. Gemi s\u0131ralar\u0131n\u0131 takip ediyor, tahmini ge\u00e7i\u015f zamanlar\u0131n\u0131 belirleyip gemi sahiplerine bildiriyor ve planlama yap\u0131ld\u0131ktan sonra bo\u011faz giri\u015f saatini ve ge\u00e7i\u015f detaylar\u0131n\u0131 armat\u00f6rlere iletiyoruz.<\/p>\n\n\n\n<p><strong>Profesyonel Planlama ve Bildirim<\/strong><\/p>\n\n\n\n<p>Gemi ge\u00e7i\u015flerinizi en iyi \u015fekilde planlamak i\u00e7in gen\u00e7 ve dinamik kadromuzla birlikte \u00e7al\u0131\u015f\u0131yoruz. Sekt\u00f6rdeki yenilikleri takip ediyor, gemi sahiplerinin ve armat\u00f6rlerin her t\u00fcrl\u00fc sorusuna an\u0131nda cevap veriyor ve do\u011fru y\u00f6nlendirmelerle en h\u0131zl\u0131 \u00e7\u00f6z\u00fcm yollar\u0131n\u0131 sunuyoruz.<\/p>\n\n\n\n<p><strong>G\u00fcvenilir Hizmet Anlay\u0131\u015f\u0131<\/strong><\/p>\n\n\n\n<p>Champion Denizcilik olarak \u00f6nceli\u011fimiz, armat\u00f6rleri ve kirac\u0131lar\u0131 en az zaman ve para kayb\u0131yla do\u011fru y\u00f6ntem ve bilgilerle y\u00f6nlendirmektir. G\u00fcvenilir, h\u0131zl\u0131 ve profesyonel hizmet anlay\u0131\u015f\u0131m\u0131zla gemi ge\u00e7i\u015flerinizi g\u00fcvenle y\u00f6netiyor, sorunlar\u0131n\u0131za \u00e7\u00f6z\u00fcm getiriyoruz.<\/p>\n\n\n\n<p><strong>Neden Biz?<\/strong><\/p>\n\n\n\n<ul class=\"wp-block-list\">\n<li><strong>Deneyimli Kadro<\/strong>: 10 y\u0131ldan fazla sekt\u00f6r deneyimimizle, denizcilikte g\u00fcvenilir bir partneriz.<\/li>\n\n\n\n<li><strong>Teknoloji ve \u0130novasyon<\/strong>: Sekt\u00f6rdeki yenilikleri takip ederek, teknoloji ve inovasyonu i\u015fimize entegre ediyoruz.<\/li>\n\n\n\n<li><strong>24\/7 Destek<\/strong>: Geli\u015fmeleri takip eden ekiplerimizle, 7\/24 haz\u0131r\u0131z. Sorular\u0131n\u0131z\u0131 an\u0131nda yan\u0131tl\u0131yor, rehberlik ediyoruz.<\/li>\n\n\n\n<li><strong>G\u00fcvenilir \u0130leti\u015fim<\/strong>: Bo\u011faz ge\u00e7i\u015flerinizle ilgili t\u00fcm bilgileri g\u00fcvenilir bir \u015fekilde iletiyor, s\u00fcreci \u015feffaf bir \u015fekilde y\u00f6netiyoruz.<\/li>\n<\/ul>\n\n\n\n<p>Champion Denizcilik olarak, \u0130stanbul ve \u00c7anakkale Bo\u011fazlar\u0131&#8217;ndaki acentelik hizmetlerimizle sekt\u00f6rde \u00f6nc\u00fcy\u00fcz. Sorunsuz ve g\u00fcvenilir bir bo\u011faz ge\u00e7i\u015fi i\u00e7in bize g\u00fcvenebilirsiniz. \u0130htiya\u00e7lar\u0131n\u0131z i\u00e7in bize ula\u015f\u0131n, denizcilikteki uzmanl\u0131\u011f\u0131m\u0131zla size en uygun \u00e7\u00f6z\u00fcmleri sunal\u0131m.<\/p>\n","protected":false},"excerpt":{"rendered":"<p>\u0130stanbul ve \u00c7anakkale Bo\u011faz Acenteli\u011fi Champion Denizcilik olarak, denizcilik sekt\u00f6r\u00fcndeki 10 y\u0131l\u0131 a\u015fk\u0131n deneyimimizle \u0130stanbul ve \u00c7anakkale Bo\u011fazlar\u0131&#8217;ndaki gemi ge\u00e7i\u015flerinizi sorunsuz bir \u015fekilde y\u00f6netiyoruz. Sundu\u011fumuz Bo\u011faz Acenteli\u011fi hizmetleriyle, armat\u00f6rlerin ve kirac\u0131lar\u0131n ihtiya\u00e7lar\u0131n\u0131 en etkili \u015fekilde kar\u015f\u0131l\u0131yor, zaman ve para kay\u0131plar\u0131n\u0131 minimuma indiriyoruz. Bo\u011faz Ge\u00e7i\u015f \u0130zinleri ve Bildirimleri Gemi ge\u00e7i\u015flerinizin sorunsuz olmas\u0131 i\u00e7in sekt\u00f6r (VTS) bo\u011faz [&#8230;]\n","protected":false},"author":1,"featured_media":0,"parent":0,"menu_order":0,"comment_status":"closed","ping_status":"closed","template":"","meta":{"footnotes":""},"class_list":["post-89","page","type-page","status-publish","hentry"],"_links":{"self":[{"href":"https:\/\/championmaritime.com.tr\/tr\/wp-json\/wp\/v2\/pages\/89","targetHints":{"allow":["GET"]}}],"collection":[{"href":"https:\/\/championmaritime.com.tr\/tr\/wp-json\/wp\/v2\/pages"}],"about":[{"href":"https:\/\/championmaritime.com.tr\/tr\/wp-json\/wp\/v2\/types\/page"}],"author":[{"embeddable":true,"href":"https:\/\/championmaritime.com.tr\/tr\/wp-json\/wp\/v2\/users\/1"}],"replies":[{"embeddable":true,"href":"https:\/\/championmaritime.com.tr\/tr\/wp-json\/wp\/v2\/comments?post=89"}],"version-history":[{"count":2,"href":"https:\/\/championmaritime.com.tr\/tr\/wp-json\/wp\/v2\/pages\/89\/revisions"}],"predecessor-version":[{"id":239,"href":"https:\/\/championmaritime.com.tr\/tr\/wp-json\/wp\/v2\/pages\/89\/revisions\/239"}],"wp:attachment":[{"href":"https:\/\/championmaritime.com.tr\/tr\/wp-json\/wp\/v2\/media?parent=89"}],"curies":[{"name":"wp","href":"https:\/\/api.w.org\/{rel}","templated":true}]}}