{"id":95,"date":"2024-02-21T06:12:13","date_gmt":"2024-02-21T06:12:13","guid":{"rendered":"https:\/\/championmaritime.com.tr\/?page_id=95"},"modified":"2024-02-21T13:23:06","modified_gmt":"2024-02-21T13:23:06","slug":"turk-bogazlari-ve-limanlari-koruyucu-acentelik","status":"publish","type":"page","link":"https:\/\/championmaritime.com.tr\/tr\/turk-bogazlari-ve-limanlari-koruyucu-acentelik\/","title":{"rendered":"T\u00fcrk Bo\u011fazlar\u0131 ve Limanlar\u0131 Koruyucu Acentelik"},"content":{"rendered":"\n\n\n<h1 class=\"wp-block-heading\">T\u00fcrk Bo\u011fazlar\u0131 ve Limanlar\u0131 Koruyucu Acentelik<\/h1>\n\n\n<div class=\"wp-block-image\">\n<figure class=\"alignright size-full\"><img loading=\"lazy\" decoding=\"async\" width=\"600\" height=\"500\" src=\"https:\/\/championmaritime.com.tr\/wp-content\/uploads\/2024\/02\/Turk-Bogazlari-ve-Limanlari-Koruyucu-acentelik.jpg\" alt=\"\" class=\"wp-image-250\" srcset=\"https:\/\/championmaritime.com.tr\/tr\/wp-content\/uploads\/2024\/02\/Turk-Bogazlari-ve-Limanlari-Koruyucu-acentelik.jpg 600w, https:\/\/championmaritime.com.tr\/tr\/wp-content\/uploads\/2024\/02\/Turk-Bogazlari-ve-Limanlari-Koruyucu-acentelik-300x250.jpg 300w\" sizes=\"auto, (max-width: 600px) 100vw, 600px\" \/><\/figure>\n<\/div>\n\n\n<p>Champion Denizcilik olarak, T\u00fcrk bo\u011fazlar\u0131 ve limanlar\u0131ndaki gemi operasyonlar\u0131n\u0131z\u0131 g\u00fcvenle y\u00f6netmek, haklar\u0131n\u0131z\u0131 korumak ve sorunlar\u0131n\u0131z\u0131 \u00e7\u00f6zmek i\u00e7in koruyucu acentelik hizmeti sunuyoruz. Limanlara veya bo\u011fazlara gelen gemilerin farkl\u0131 acentelerde oldu\u011funda, kirac\u0131 veya armat\u00f6r taraf\u0131n\u0131n haklar\u0131n\u0131 koruma amac\u0131yla sundu\u011fumuz bu hizmetle, geminin acentesinin i\u015f ve i\u015flemlerini takip ediyor, kontrol ediyor ve haklar\u0131n\u0131z\u0131n g\u00fcvence alt\u0131na al\u0131nmas\u0131n\u0131 sa\u011fl\u0131yoruz.<\/p>\n\n\n\n<p><strong>Acentenin \u0130\u015f ve \u0130\u015flemlerinin Takibi<\/strong><\/p>\n\n\n\n<p>Gelen gemilerin farkl\u0131 acentelerle \u00e7al\u0131\u015ft\u0131\u011f\u0131 durumlarda, geminin acentesinin ger\u00e7ekle\u015ftirdi\u011fi i\u015f ve i\u015flemleri titizlikle takip ediyoruz. Gemi sahibi veya kirac\u0131 ad\u0131na yap\u0131lan t\u00fcm acentelik i\u015flemlerini kontrol alt\u0131nda tutarak do\u011fru ve g\u00fcvenilir bilgilerle sizlere iletiyoruz.<\/p>\n\n\n\n<p><strong>Haklar\u0131n Korunmas\u0131<\/strong><\/p>\n\n\n\n<p>Kirac\u0131 veya armat\u00f6r taraf\u0131n\u0131n haklar\u0131n\u0131 korumak, bizim i\u00e7in \u00f6ncelikli bir ama\u00e7t\u0131r. Acentenin yapt\u0131\u011f\u0131 i\u015flemlerin do\u011frulu\u011funu kontrol ederek, gemi sahiplerinin veya kirac\u0131lar\u0131n haklar\u0131n\u0131 koruma ad\u0131na gerekli ad\u0131mlar\u0131 at\u0131yor ve s\u00fcrecin adil ve \u015feffaf bir \u015fekilde ilerlemesini sa\u011fl\u0131yoruz.<\/p>\n\n\n\n<p><strong>Sorun \u00c7\u00f6zme ve Dan\u0131\u015fmanl\u0131k<\/strong><\/p>\n\n\n\n<p>Kar\u015f\u0131la\u015f\u0131lan sorunlarda h\u0131zl\u0131 ve etkili bir \u015fekilde m\u00fcdahale ediyor, \u00e7\u00f6z\u00fcm odakl\u0131 yakla\u015f\u0131mlar\u0131m\u0131zla sorunlar\u0131n\u0131z\u0131n en k\u0131sa s\u00fcrede \u00e7\u00f6z\u00fclmesini sa\u011fl\u0131yoruz. Ayn\u0131 zamanda dan\u0131\u015fmanl\u0131k hizmeti sunarak, gemi operasyonlar\u0131n\u0131z\u0131 daha verimli hale getirmenize yard\u0131mc\u0131 oluyoruz.<\/p>\n\n\n\n<p><strong>Neden Biz?<\/strong><\/p>\n\n\n\n<ul class=\"wp-block-list\">\n<li><strong>Deneyimli ve Profesyonel Ekip<\/strong>: Denizcilik sekt\u00f6r\u00fcndeki uzun y\u0131llara dayanan deneyimimiz ve profesyonel ekibimizle g\u00fcvenilir bir partneriz.<\/li>\n\n\n\n<li><strong>Haklar\u0131n Korunmas\u0131<\/strong>: \u00d6ncelikli amac\u0131m\u0131z, kirac\u0131 veya armat\u00f6r taraf\u0131n\u0131n haklar\u0131n\u0131 titizlikle korumak ve g\u00fcvence alt\u0131na almak.<\/li>\n\n\n\n<li><strong>H\u0131zl\u0131 ve Etkili \u00c7\u00f6z\u00fcmler<\/strong>: Kar\u015f\u0131la\u015f\u0131lan sorunlara h\u0131zl\u0131 m\u00fcdahale ederek, etkili \u00e7\u00f6z\u00fcmler \u00fcretiyor ve s\u00fcreci y\u00f6netiyoruz.<\/li>\n\n\n\n<li><strong>\u015eeffaf \u0130leti\u015fim<\/strong>: S\u00fcre\u00e7le ilgili size \u015feffaf ve g\u00fcvenilir bilgiler sunuyor, ileti\u015fim kanallar\u0131n\u0131 her an a\u00e7\u0131k tutuyoruz.<\/li>\n<\/ul>\n\n\n\n<p>Champion Denizcilik olarak, T\u00fcrk bo\u011fazlar\u0131 ve limanlar\u0131ndaki koruyucu acentelik hizmetimizle, gemi operasyonlar\u0131n\u0131z\u0131 g\u00fcvence alt\u0131na al\u0131yor, haklar\u0131n\u0131z\u0131 koruyor ve sizlere profesyonel bir destek sunuyoruz. \u0130htiya\u00e7lar\u0131n\u0131z i\u00e7in bize ula\u015f\u0131n, denizcilikteki uzmanl\u0131\u011f\u0131m\u0131zla size en uygun \u00e7\u00f6z\u00fcmleri sunal\u0131m.<\/p>\n","protected":false},"excerpt":{"rendered":"<p>T\u00fcrk Bo\u011fazlar\u0131 ve Limanlar\u0131 Koruyucu Acentelik Champion Denizcilik olarak, T\u00fcrk bo\u011fazlar\u0131 ve limanlar\u0131ndaki gemi operasyonlar\u0131n\u0131z\u0131 g\u00fcvenle y\u00f6netmek, haklar\u0131n\u0131z\u0131 korumak ve sorunlar\u0131n\u0131z\u0131 \u00e7\u00f6zmek i\u00e7in koruyucu acentelik hizmeti sunuyoruz. Limanlara veya bo\u011fazlara gelen gemilerin farkl\u0131 acentelerde oldu\u011funda, kirac\u0131 veya armat\u00f6r taraf\u0131n\u0131n haklar\u0131n\u0131 koruma amac\u0131yla sundu\u011fumuz bu hizmetle, geminin acentesinin i\u015f ve i\u015flemlerini takip ediyor, kontrol ediyor ve [&#8230;]\n","protected":false},"author":1,"featured_media":0,"parent":0,"menu_order":0,"comment_status":"closed","ping_status":"closed","template":"","meta":{"footnotes":""},"class_list":["post-95","page","type-page","status-publish","hentry"],"_links":{"self":[{"href":"https:\/\/championmaritime.com.tr\/tr\/wp-json\/wp\/v2\/pages\/95","targetHints":{"allow":["GET"]}}],"collection":[{"href":"https:\/\/championmaritime.com.tr\/tr\/wp-json\/wp\/v2\/pages"}],"about":[{"href":"https:\/\/championmaritime.com.tr\/tr\/wp-json\/wp\/v2\/types\/page"}],"author":[{"embeddable":true,"href":"https:\/\/championmaritime.com.tr\/tr\/wp-json\/wp\/v2\/users\/1"}],"replies":[{"embeddable":true,"href":"https:\/\/championmaritime.com.tr\/tr\/wp-json\/wp\/v2\/comments?post=95"}],"version-history":[{"count":2,"href":"https:\/\/championmaritime.com.tr\/tr\/wp-json\/wp\/v2\/pages\/95\/revisions"}],"predecessor-version":[{"id":251,"href":"https:\/\/championmaritime.com.tr\/tr\/wp-json\/wp\/v2\/pages\/95\/revisions\/251"}],"wp:attachment":[{"href":"https:\/\/championmaritime.com.tr\/tr\/wp-json\/wp\/v2\/media?parent=95"}],"curies":[{"name":"wp","href":"https:\/\/api.w.org\/{rel}","templated":true}]}}